{"id":80,"date":"2022-01-01T18:03:37","date_gmt":"2022-01-01T17:03:37","guid":{"rendered":"https:\/\/chateaudepailhes.fr\/?page_id=80"},"modified":"2022-07-01T11:23:17","modified_gmt":"2022-07-01T09:23:17","slug":"histoire","status":"publish","type":"page","link":"https:\/\/chateaudepailhes.fr\/index.php\/histoire\/","title":{"rendered":"Histoire"},"content":{"rendered":"\n<p>Un peu d\u2019histoire \u2026<br>D\u00e8s le XII\u00e8me si\u00e8cle le fief de Pailh\u00e8s est poss\u00e9d\u00e9 par la famille de Bernard AMIEL qui a jou\u00e9 un r\u00f4le important dans l\u2019histoire du comt\u00e9 de Foix et de Toulouse, comme en attestent de nombreux actes.<br>Le bien se transmet par alliance au XIII\u00e8me si\u00e8cle \u00e0 la puissante famille de VILLEMUR qui poss\u00e8dera la baronnie jusqu\u2019au XVIII\u00e8me si\u00e8cle. Ils seront gouverneurs du comt\u00e9 de Foix jusqu\u2019au r\u00e8gne d\u2019Henri de Navarre, comte de Foix et futur HENRI IV. Une riche correspondance entre le baron de Pailh\u00e8s et Henri de Navarre atteste la relation d\u2019amiti\u00e9 et de confiance qui liait les deux hommes.<br>L\u2019histoire rapporte que Henri de Navarre serait venu \u00e0 Pailh\u00e8s o\u00f9 il aurait \u00e9t\u00e9 l\u2019h\u00f4te du baron Jacques de Villemur. Ceci au conditionnel puisque les nombreuses lettres adress\u00e9es par Henri de Navarre au Baron ne permettent pas d\u2019\u00eatre assur\u00e9 du s\u00e9jour du roi de Navarre au ch\u00e2teau. On d\u00e9signa n\u00e9anmoins le beau lit \u00e0 baldaquin du ch\u00e2teau \u00ab lit d\u2019Henri IV \u00bb, mobilier d\u2019apparat, digne du rang du \u00ab Vert Galant \u00bb.<br>Au milieu du XVIII\u00e8me si\u00e8cle la baronnie est acquise par la famille de LAFAGE qui \u00e9change Pailh\u00e8s avec la seigneurie de Saint Amadou. La famille reprend un ch\u00e2teau \u00e0 l&rsquo;abandon et entreprend des travaux d\u2019am\u00e9nagement. Antoine de Lafage fait reconstruire l\u2019imposante \u00e9glise du ch\u00e2teau en 1780.<br>Le ch\u00e2teau a \u00e9t\u00e9 habit\u00e9 par cette m\u00eame famille jusqu\u2019en 1960. D\u00e8s lors, le ch\u00e2teau n\u2019est plus qu&rsquo;une vill\u00e9giature pour ses propri\u00e9taires qui habitent plus r\u00e9guli\u00e8rement la r\u00e9gion toulousaine. La maison est acquise en 2006 par des particuliers.<br>Le ch\u00e2teau a \u00e9t\u00e9 inscrit au titre des Monuments Historiques en f\u00e9vrier 1997.<\/p>\n","protected":false},"excerpt":{"rendered":"<p>Un peu d\u2019histoire \u2026D\u00e8s le XII\u00e8me si\u00e8cle le fief de Pailh\u00e8s est poss\u00e9d\u00e9 par la famille de Bernard AMIEL qui a jou\u00e9 un r\u00f4le important dans l\u2019histoire du comt\u00e9 de Foix et de Toulouse, comme en attestent de nombreux actes.Le bien se transmet par alliance au XIII\u00e8me si\u00e8cle \u00e0 la puissante famille de VILLEMUR qui &hellip; <\/p>\n<p class=\"link-more\"><a href=\"https:\/\/chateaudepailhes.fr\/index.php\/histoire\/\" class=\"more-link\">Continuer la lecture<span class=\"screen-reader-text\"> de &laquo;&nbsp;Histoire&nbsp;&raquo;<\/span><\/a><\/p>\n","protected":false},"author":1,"featured_media":0,"parent":0,"menu_order":0,"comment_status":"closed","ping_status":"closed","template":"","meta":{"footnotes":""},"class_list":["post-80","page","type-page","status-publish","hentry"],"_links":{"self":[{"href":"https:\/\/chateaudepailhes.fr\/index.php\/wp-json\/wp\/v2\/pages\/80","targetHints":{"allow":["GET"]}}],"collection":[{"href":"https:\/\/chateaudepailhes.fr\/index.php\/wp-json\/wp\/v2\/pages"}],"about":[{"href":"https:\/\/chateaudepailhes.fr\/index.php\/wp-json\/wp\/v2\/types\/page"}],"author":[{"embeddable":true,"href":"https:\/\/chateaudepailhes.fr\/index.php\/wp-json\/wp\/v2\/users\/1"}],"replies":[{"embeddable":true,"href":"https:\/\/chateaudepailhes.fr\/index.php\/wp-json\/wp\/v2\/comments?post=80"}],"version-history":[{"count":2,"href":"https:\/\/chateaudepailhes.fr\/index.php\/wp-json\/wp\/v2\/pages\/80\/revisions"}],"predecessor-version":[{"id":169,"href":"https:\/\/chateaudepailhes.fr\/index.php\/wp-json\/wp\/v2\/pages\/80\/revisions\/169"}],"wp:attachment":[{"href":"https:\/\/chateaudepailhes.fr\/index.php\/wp-json\/wp\/v2\/media?parent=80"}],"curies":[{"name":"wp","href":"https:\/\/api.w.org\/{rel}","templated":true}]}}