{"id":5,"date":"2021-12-29T12:55:30","date_gmt":"2021-12-29T11:55:30","guid":{"rendered":"http:\/\/widysvj.cluster031.hosting.ovh.net\/?page_id=5"},"modified":"2025-09-04T16:18:16","modified_gmt":"2025-09-04T14:18:16","slug":"chateau-de-pailhes","status":"publish","type":"page","link":"https:\/\/chateaudepailhes.fr\/","title":{"rendered":"Accueil"},"content":{"rendered":"\n<figure class=\"wp-block-image size-large\"><img loading=\"lazy\" decoding=\"async\" width=\"576\" height=\"1024\" src=\"https:\/\/chateaudepailhes.fr\/wp-content\/uploads\/2025\/09\/JEP2025_DOOH_1080x1920PX_HD--576x1024.jpg\" alt=\"\" class=\"wp-image-363\" srcset=\"https:\/\/chateaudepailhes.fr\/wp-content\/uploads\/2025\/09\/JEP2025_DOOH_1080x1920PX_HD--576x1024.jpg 576w, https:\/\/chateaudepailhes.fr\/wp-content\/uploads\/2025\/09\/JEP2025_DOOH_1080x1920PX_HD--169x300.jpg 169w, https:\/\/chateaudepailhes.fr\/wp-content\/uploads\/2025\/09\/JEP2025_DOOH_1080x1920PX_HD--768x1365.jpg 768w, https:\/\/chateaudepailhes.fr\/wp-content\/uploads\/2025\/09\/JEP2025_DOOH_1080x1920PX_HD--864x1536.jpg 864w, https:\/\/chateaudepailhes.fr\/wp-content\/uploads\/2025\/09\/JEP2025_DOOH_1080x1920PX_HD-.jpg 1080w\" sizes=\"auto, (max-width: 576px) 100vw, 576px\" \/><\/figure>\n\n\n\n<p>A cette occasion des visites guid\u00e9es  du ch\u00e2teau sont organis\u00e9es le samedi et le dimanche de 14h 30 \u00e0 17 heures. Le dimanche matin \u00e0 partir de 10h 30 un parcours historique qui d\u00e9butera \u00e0 l&rsquo;\u00e9glise dans le village ( \u00e0 proximit\u00e9 de la rivi\u00e8re) se poursuivra dans l&rsquo;ancien village et s\u2019ach\u00e8vera dans le ch\u00e2teau.  Vous pouvez retrouver les autres site ouvert pour cet \u00e9v\u00e8nement. <a href=\"https:\/\/journeesdupatrimoine.culture.gouv.fr\/programme#\/search@47.0055508,1.2578112,6.48\">https:\/\/journeesdupatrimoine.culture.gouv.fr\/programme#\/search@47.0055508,1.2578112,6.48<\/a><\/p>\n\n\n<a class=\"wp-block-read-more\" href=\"https:\/\/chateaudepailhes.fr\/\" target=\"_self\">Lire la suite<span class=\"screen-reader-text\">\u00a0: Accueil<\/span><\/a>\n\n\n<p><\/p>\n\n\n\n<ul class=\"wp-block-social-links is-style-default is-layout-flex wp-block-social-links-is-layout-flex\"><li class=\"wp-social-link wp-social-link-facebook  wp-block-social-link\"><a rel=\"noopener nofollow\" target=\"_blank\" href=\"http:\/\/www.facebook.com\/chateau.de.pailhes\" class=\"wp-block-social-link-anchor\"><svg width=\"24\" height=\"24\" viewBox=\"0 0 24 24\" version=\"1.1\" xmlns=\"http:\/\/www.w3.org\/2000\/svg\" aria-hidden=\"true\" focusable=\"false\"><path d=\"M12 2C6.5 2 2 6.5 2 12c0 5 3.7 9.1 8.4 9.9v-7H7.9V12h2.5V9.8c0-2.5 1.5-3.9 3.8-3.9 1.1 0 2.2.2 2.2.2v2.5h-1.3c-1.2 0-1.6.8-1.6 1.6V12h2.8l-.4 2.9h-2.3v7C18.3 21.1 22 17 22 12c0-5.5-4.5-10-10-10z\"><\/path><\/svg><span class=\"wp-block-social-link-label screen-reader-text\">Facebook<\/span><\/a><\/li><\/ul>\n\n\n\n<p><\/p>\n","protected":false},"excerpt":{"rendered":"<p>A cette occasion des visites guid\u00e9es du ch\u00e2teau sont organis\u00e9es le samedi et le dimanche de 14h 30 \u00e0 17 heures. Le dimanche matin \u00e0 partir de 10h 30 un parcours historique qui d\u00e9butera \u00e0 l&rsquo;\u00e9glise dans le village ( \u00e0 proximit\u00e9 de la rivi\u00e8re) se poursuivra dans l&rsquo;ancien village et s\u2019ach\u00e8vera dans le ch\u00e2teau. &hellip; <\/p>\n<p class=\"link-more\"><a href=\"https:\/\/chateaudepailhes.fr\/\" class=\"more-link\">Continuer la lecture<span class=\"screen-reader-text\"> de &laquo;&nbsp;Accueil&nbsp;&raquo;<\/span><\/a><\/p>\n","protected":false},"author":1,"featured_media":0,"parent":0,"menu_order":1,"comment_status":"closed","ping_status":"closed","template":"","meta":{"footnotes":""},"class_list":["post-5","page","type-page","status-publish","hentry"],"_links":{"self":[{"href":"https:\/\/chateaudepailhes.fr\/index.php\/wp-json\/wp\/v2\/pages\/5","targetHints":{"allow":["GET"]}}],"collection":[{"href":"https:\/\/chateaudepailhes.fr\/index.php\/wp-json\/wp\/v2\/pages"}],"about":[{"href":"https:\/\/chateaudepailhes.fr\/index.php\/wp-json\/wp\/v2\/types\/page"}],"author":[{"embeddable":true,"href":"https:\/\/chateaudepailhes.fr\/index.php\/wp-json\/wp\/v2\/users\/1"}],"replies":[{"embeddable":true,"href":"https:\/\/chateaudepailhes.fr\/index.php\/wp-json\/wp\/v2\/comments?post=5"}],"version-history":[{"count":46,"href":"https:\/\/chateaudepailhes.fr\/index.php\/wp-json\/wp\/v2\/pages\/5\/revisions"}],"predecessor-version":[{"id":364,"href":"https:\/\/chateaudepailhes.fr\/index.php\/wp-json\/wp\/v2\/pages\/5\/revisions\/364"}],"wp:attachment":[{"href":"https:\/\/chateaudepailhes.fr\/index.php\/wp-json\/wp\/v2\/media?parent=5"}],"curies":[{"name":"wp","href":"https:\/\/api.w.org\/{rel}","templated":true}]}}